{"id":10930,"date":"2020-03-29T19:04:02","date_gmt":"2020-03-29T19:04:02","guid":{"rendered":"https:\/\/laptitesellerie.com\/?post_type=product&#038;p=10930"},"modified":"2024-11-29T06:51:31","modified_gmt":"2024-11-29T06:51:31","slug":"gants-dequitation-back-on-track","status":"publish","type":"product","link":"https:\/\/laptitesellerie.com\/?product=gants-dequitation-back-on-track","title":{"rendered":"Gants d&#8217;\u00e9quitation- Back on track"},"content":{"rendered":"<p>Gants d&#8217;ext\u00e9rieurs <span style=\"color: #fa4548;\"><strong>tr\u00e8s confortables<\/strong><\/span>.<\/p>\n<ul>\n<li>Id\u00e9al pour la maladie de Raynaud.<\/li>\n<li>Tissu int\u00e9rieur impr\u00e9gn\u00e9 de particules de min\u00e9raux <strong>favorisant la circulation sanguine<\/strong>.<\/li>\n<li>Rev\u00eatement int\u00e9rieur rendant les gants durables avec une <span style=\"color: #fa4548;\"><strong>bonne adh\u00e9rence<\/strong><\/span>.<\/li>\n<li>Gants d\u00e9perlants.<\/li>\n<\/ul>\n<p>Composition : 100 % polypropyl\u00e8ne avec poudre en c\u00e9ramique.<\/p>\n","protected":false},"excerpt":{"rendered":"<p><strong><a href=\"http:\/\/laptitesellerie.com\/wp-content\/uploads\/2016\/12\/coeur.png\"><img decoding=\"async\" loading=\"lazy\" class=\"alignnone size-full wp-image-425\" src=\"http:\/\/laptitesellerie.com\/wp-content\/uploads\/2016\/12\/coeur.png\" alt=\"\" width=\"22\" height=\"19\" \/><\/a>\u00a0Confortable<\/strong><br \/>\n<strong> <a href=\"http:\/\/laptitesellerie.com\/wp-content\/uploads\/2016\/12\/pouce-1.png\"><img decoding=\"async\" loading=\"lazy\" class=\"alignnone size-full wp-image-428\" src=\"http:\/\/laptitesellerie.com\/wp-content\/uploads\/2016\/12\/pouce-1.png\" alt=\"\" width=\"22\" height=\"22\" \/><\/a> Id\u00e9al pour la maladie de Raynaud<br \/>\n<\/strong><\/p>\n<p>&nbsp;<\/p>\n<p>&nbsp;<\/p>\n","protected":false},"featured_media":10932,"comment_status":"closed","ping_status":"closed","template":"","meta":{"_themeisle_gutenberg_block_has_review":false},"product_cat":[1140,866],"product_tag":[],"_links":{"self":[{"href":"https:\/\/laptitesellerie.com\/index.php?rest_route=\/wp\/v3\/product\/10930"}],"collection":[{"href":"https:\/\/laptitesellerie.com\/index.php?rest_route=\/wp\/v3\/product"}],"about":[{"href":"https:\/\/laptitesellerie.com\/index.php?rest_route=\/wp\/v2\/types\/product"}],"replies":[{"embeddable":true,"href":"https:\/\/laptitesellerie.com\/index.php?rest_route=%2Fwp%2Fv2%2Fcomments&post=10930"}],"wp:featuredmedia":[{"embeddable":true,"href":"https:\/\/laptitesellerie.com\/index.php?rest_route=\/wp\/v2\/media\/10932"}],"wp:attachment":[{"href":"https:\/\/laptitesellerie.com\/index.php?rest_route=%2Fwp%2Fv2%2Fmedia&parent=10930"}],"wp:term":[{"taxonomy":"product_cat","embeddable":true,"href":"https:\/\/laptitesellerie.com\/index.php?rest_route=%2Fwp%2Fv2%2Fproduct_cat&post=10930"},{"taxonomy":"product_tag","embeddable":true,"href":"https:\/\/laptitesellerie.com\/index.php?rest_route=%2Fwp%2Fv2%2Fproduct_tag&post=10930"}],"curies":[{"name":"wp","href":"https:\/\/api.w.org\/{rel}","templated":true}]}}