{"id":18100,"date":"2023-03-06T16:21:29","date_gmt":"2023-03-06T16:21:29","guid":{"rendered":"https:\/\/laptitesellerie.com\/?post_type=product&#038;p=18100"},"modified":"2025-10-25T22:52:00","modified_gmt":"2025-10-25T22:52:00","slug":"gants-hiver-sm-all-weather-wahlsten","status":"publish","type":"product","link":"https:\/\/laptitesellerie.com\/?product=gants-hiver-sm-all-weather-wahlsten","title":{"rendered":"Gants Hiver SM All Weather &#8211; Wahlsten"},"content":{"rendered":"<p>Les gants sont en cuir synth\u00e9tique. Mati\u00e8re ext\u00e9rieure d\u00e9perlante et doublure polaire. Le gant parfait par temps froid et humide.<\/p>\n","protected":false},"excerpt":{"rendered":"<p><a href=\"http:\/\/laptitesellerie.com\/wp-content\/uploads\/2016\/12\/pouce-1.png\"><img decoding=\"async\" loading=\"lazy\" class=\"alignnone size-full wp-image-428\" src=\"http:\/\/laptitesellerie.com\/wp-content\/uploads\/2016\/12\/pouce-1.png\" alt=\"\" width=\"22\" height=\"22\" \/><\/a><b>\u00a0 Chaud<br \/>\n<\/b><a href=\"http:\/\/laptitesellerie.com\/wp-content\/uploads\/2016\/12\/coeur.png\"><img decoding=\"async\" loading=\"lazy\" class=\"alignnone size-full wp-image-425\" src=\"http:\/\/laptitesellerie.com\/wp-content\/uploads\/2016\/12\/coeur.png\" alt=\"\" width=\"22\" height=\"19\" \/><\/a><strong>\u00a0 D\u00e9perlant<br \/>\n<\/strong><\/p>\n","protected":false},"featured_media":18092,"comment_status":"closed","ping_status":"closed","template":"","meta":{"_themeisle_gutenberg_block_has_review":false},"product_cat":[1169],"product_tag":[],"_links":{"self":[{"href":"https:\/\/laptitesellerie.com\/index.php?rest_route=\/wp\/v3\/product\/18100"}],"collection":[{"href":"https:\/\/laptitesellerie.com\/index.php?rest_route=\/wp\/v3\/product"}],"about":[{"href":"https:\/\/laptitesellerie.com\/index.php?rest_route=\/wp\/v2\/types\/product"}],"replies":[{"embeddable":true,"href":"https:\/\/laptitesellerie.com\/index.php?rest_route=%2Fwp%2Fv2%2Fcomments&post=18100"}],"wp:featuredmedia":[{"embeddable":true,"href":"https:\/\/laptitesellerie.com\/index.php?rest_route=\/wp\/v2\/media\/18092"}],"wp:attachment":[{"href":"https:\/\/laptitesellerie.com\/index.php?rest_route=%2Fwp%2Fv2%2Fmedia&parent=18100"}],"wp:term":[{"taxonomy":"product_cat","embeddable":true,"href":"https:\/\/laptitesellerie.com\/index.php?rest_route=%2Fwp%2Fv2%2Fproduct_cat&post=18100"},{"taxonomy":"product_tag","embeddable":true,"href":"https:\/\/laptitesellerie.com\/index.php?rest_route=%2Fwp%2Fv2%2Fproduct_tag&post=18100"}],"curies":[{"name":"wp","href":"https:\/\/api.w.org\/{rel}","templated":true}]}}