{"id":18207,"date":"2023-03-06T19:30:43","date_gmt":"2023-03-06T19:30:43","guid":{"rendered":"https:\/\/laptitesellerie.com\/?post_type=product&#038;p=18207"},"modified":"2024-11-11T12:14:52","modified_gmt":"2024-11-11T12:14:52","slug":"bonnet-clara-wahlsten","status":"publish","type":"product","link":"https:\/\/laptitesellerie.com\/?product=bonnet-clara-wahlsten","title":{"rendered":"Bonnet Clara- Wahlsten"},"content":{"rendered":"<p>Bonnet tress\u00e9 en laine m\u00e9lang\u00e9e avec pompon amovible. Doublure polaire chaude. Logo en m\u00e9tal.<\/p>\n<p>Mat\u00e9riau ext\u00e9rieur : 70 % acrylique, 30 % laine.<br \/>\nMat\u00e9riau de la doublure : 100 % polyester.<\/p>\n<p>Laver \u00e0 30 degr\u00e9s.<\/p>\n","protected":false},"excerpt":{"rendered":"<p><a href=\"http:\/\/laptitesellerie.com\/wp-content\/uploads\/2016\/12\/pouce-1.png\"><img decoding=\"async\" loading=\"lazy\" class=\"alignnone size-full wp-image-428\" src=\"http:\/\/laptitesellerie.com\/wp-content\/uploads\/2016\/12\/pouce-1.png\" alt=\"\" width=\"22\" height=\"22\" \/><\/a><b>\u00a0 Pompon amovible<\/b><br \/>\n<a href=\"http:\/\/laptitesellerie.com\/wp-content\/uploads\/2016\/12\/coeur.png\"><img decoding=\"async\" loading=\"lazy\" class=\"alignnone size-full wp-image-425\" src=\"http:\/\/laptitesellerie.com\/wp-content\/uploads\/2016\/12\/coeur.png\" alt=\"\" width=\"22\" height=\"19\" \/><\/a><strong>\u00a0 Doublure en polaire<br \/>\n<\/strong><\/p>\n","protected":false},"featured_media":18211,"comment_status":"closed","ping_status":"closed","template":"","meta":{"_themeisle_gutenberg_block_has_review":false},"product_cat":[822],"product_tag":[],"_links":{"self":[{"href":"https:\/\/laptitesellerie.com\/index.php?rest_route=\/wp\/v3\/product\/18207"}],"collection":[{"href":"https:\/\/laptitesellerie.com\/index.php?rest_route=\/wp\/v3\/product"}],"about":[{"href":"https:\/\/laptitesellerie.com\/index.php?rest_route=\/wp\/v2\/types\/product"}],"replies":[{"embeddable":true,"href":"https:\/\/laptitesellerie.com\/index.php?rest_route=%2Fwp%2Fv2%2Fcomments&post=18207"}],"wp:featuredmedia":[{"embeddable":true,"href":"https:\/\/laptitesellerie.com\/index.php?rest_route=\/wp\/v2\/media\/18211"}],"wp:attachment":[{"href":"https:\/\/laptitesellerie.com\/index.php?rest_route=%2Fwp%2Fv2%2Fmedia&parent=18207"}],"wp:term":[{"taxonomy":"product_cat","embeddable":true,"href":"https:\/\/laptitesellerie.com\/index.php?rest_route=%2Fwp%2Fv2%2Fproduct_cat&post=18207"},{"taxonomy":"product_tag","embeddable":true,"href":"https:\/\/laptitesellerie.com\/index.php?rest_route=%2Fwp%2Fv2%2Fproduct_tag&post=18207"}],"curies":[{"name":"wp","href":"https:\/\/api.w.org\/{rel}","templated":true}]}}