{"id":18359,"date":"2023-03-21T14:39:25","date_gmt":"2023-03-21T14:39:25","guid":{"rendered":"https:\/\/laptitesellerie.com\/?post_type=product&#038;p=18359"},"modified":"2025-05-12T21:16:55","modified_gmt":"2025-05-12T21:16:55","slug":"sous-combinaison-thermo-finntack","status":"publish","type":"product","link":"https:\/\/laptitesellerie.com\/?product=sous-combinaison-thermo-finntack","title":{"rendered":"Sous combinaison Thermo &#8211; Finntack"},"content":{"rendered":"<p>Une combinaison chaude surpiqu\u00e9e aux propri\u00e9t\u00e9s thermiques dot\u00e9e de panneaux lat\u00e9raux extensibles pour l&#8217;aisance et le confort. Cette combinaison haute performance est vraiment extra lorsqu&#8217;elle est utilis\u00e9e en tant que couche m\u00e9diane pour l&#8217;entra\u00eenement ou la course.<\/p>\n<h3>Caract\u00e9ristiques:<\/h3>\n<ul>\n<li>Con\u00e7ue pour allouer une libert\u00e9 de mouvements maximale<\/li>\n<li>Matelassage surpiqu\u00e9<\/li>\n<li>Poche poitrine \u00e0 fermeture \u00e0 glissi\u00e8re D\u00e9perlante et s\u00e9chage rapide<\/li>\n<li>Manches raglan d&#8217;approximativement 82 cm de longueur<\/li>\n<\/ul>\n<h3>Description technique:<\/h3>\n<p>Composition externe : 100 % Polyester Instructions de lavage : laver \u00e0 40\u00b0C.<\/p>\n","protected":false},"excerpt":{"rendered":"<p><a href=\"http:\/\/laptitesellerie.com\/wp-content\/uploads\/2016\/12\/pouce-1.png\"><img decoding=\"async\" loading=\"lazy\" class=\"alignnone size-full wp-image-428\" src=\"http:\/\/laptitesellerie.com\/wp-content\/uploads\/2016\/12\/pouce-1.png\" alt=\"\" width=\"22\" height=\"22\" \/><\/a><b>\u00a0 Confortable<\/b><br \/>\n<a href=\"http:\/\/laptitesellerie.com\/wp-content\/uploads\/2016\/12\/coeur.png\"><img decoding=\"async\" loading=\"lazy\" class=\"alignnone size-full wp-image-425\" src=\"http:\/\/laptitesellerie.com\/wp-content\/uploads\/2016\/12\/coeur.png\" alt=\"\" width=\"22\" height=\"19\" \/><\/a><strong>\u00a0 Indispensable<br \/>\n<\/strong><\/p>\n","protected":false},"featured_media":18363,"comment_status":"closed","ping_status":"closed","template":"","meta":{"_themeisle_gutenberg_block_has_review":false},"product_cat":[833,829,834,1167],"product_tag":[],"_links":{"self":[{"href":"https:\/\/laptitesellerie.com\/index.php?rest_route=\/wp\/v3\/product\/18359"}],"collection":[{"href":"https:\/\/laptitesellerie.com\/index.php?rest_route=\/wp\/v3\/product"}],"about":[{"href":"https:\/\/laptitesellerie.com\/index.php?rest_route=\/wp\/v2\/types\/product"}],"replies":[{"embeddable":true,"href":"https:\/\/laptitesellerie.com\/index.php?rest_route=%2Fwp%2Fv2%2Fcomments&post=18359"}],"wp:featuredmedia":[{"embeddable":true,"href":"https:\/\/laptitesellerie.com\/index.php?rest_route=\/wp\/v2\/media\/18363"}],"wp:attachment":[{"href":"https:\/\/laptitesellerie.com\/index.php?rest_route=%2Fwp%2Fv2%2Fmedia&parent=18359"}],"wp:term":[{"taxonomy":"product_cat","embeddable":true,"href":"https:\/\/laptitesellerie.com\/index.php?rest_route=%2Fwp%2Fv2%2Fproduct_cat&post=18359"},{"taxonomy":"product_tag","embeddable":true,"href":"https:\/\/laptitesellerie.com\/index.php?rest_route=%2Fwp%2Fv2%2Fproduct_tag&post=18359"}],"curies":[{"name":"wp","href":"https:\/\/api.w.org\/{rel}","templated":true}]}}