{"id":18367,"date":"2023-03-21T14:44:20","date_gmt":"2023-03-21T14:44:20","guid":{"rendered":"https:\/\/laptitesellerie.com\/?post_type=product&#038;p=18367"},"modified":"2026-01-10T21:25:43","modified_gmt":"2026-01-10T21:25:43","slug":"gilet-de-protection-finntack","status":"publish","type":"product","link":"https:\/\/laptitesellerie.com\/?product=gilet-de-protection-finntack","title":{"rendered":"Gilet de Protection &#8211; Finntack"},"content":{"rendered":"<p>Protection Dorsale en forme de mosa\u00efque, conforme \u00e0 la norme EN 1621-2, compos\u00e9 d&#8217;une mousse ventil\u00e9e tr\u00e8s l\u00e9g\u00e8re pour un maximum de confort. Ouvertures de bras amples au niveau des \u00e9paules pour vous permettre une bonne souplesse et une bonne libert\u00e9 de mouvement.<\/p>\n","protected":false},"excerpt":{"rendered":"<p><a href=\"http:\/\/laptitesellerie.com\/wp-content\/uploads\/2016\/12\/pouce-1.png\"><img decoding=\"async\" loading=\"lazy\" class=\"alignnone size-full wp-image-428\" src=\"http:\/\/laptitesellerie.com\/wp-content\/uploads\/2016\/12\/pouce-1.png\" alt=\"\" width=\"22\" height=\"22\" \/><\/a><b>\u00a0 Protection optimale<\/b><br \/>\n<a href=\"http:\/\/laptitesellerie.com\/wp-content\/uploads\/2016\/12\/coeur.png\"><img decoding=\"async\" loading=\"lazy\" class=\"alignnone size-full wp-image-425\" src=\"http:\/\/laptitesellerie.com\/wp-content\/uploads\/2016\/12\/coeur.png\" alt=\"\" width=\"22\" height=\"19\" \/><\/a><strong>\u00a0 R\u00e9glables<br \/>\n<\/strong><\/p>\n","protected":false},"featured_media":18373,"comment_status":"closed","ping_status":"closed","template":"","meta":{"_themeisle_gutenberg_block_has_review":false},"product_cat":[1173,868],"product_tag":[],"_links":{"self":[{"href":"https:\/\/laptitesellerie.com\/index.php?rest_route=\/wp\/v3\/product\/18367"}],"collection":[{"href":"https:\/\/laptitesellerie.com\/index.php?rest_route=\/wp\/v3\/product"}],"about":[{"href":"https:\/\/laptitesellerie.com\/index.php?rest_route=\/wp\/v2\/types\/product"}],"replies":[{"embeddable":true,"href":"https:\/\/laptitesellerie.com\/index.php?rest_route=%2Fwp%2Fv2%2Fcomments&post=18367"}],"wp:featuredmedia":[{"embeddable":true,"href":"https:\/\/laptitesellerie.com\/index.php?rest_route=\/wp\/v2\/media\/18373"}],"wp:attachment":[{"href":"https:\/\/laptitesellerie.com\/index.php?rest_route=%2Fwp%2Fv2%2Fmedia&parent=18367"}],"wp:term":[{"taxonomy":"product_cat","embeddable":true,"href":"https:\/\/laptitesellerie.com\/index.php?rest_route=%2Fwp%2Fv2%2Fproduct_cat&post=18367"},{"taxonomy":"product_tag","embeddable":true,"href":"https:\/\/laptitesellerie.com\/index.php?rest_route=%2Fwp%2Fv2%2Fproduct_tag&post=18367"}],"curies":[{"name":"wp","href":"https:\/\/api.w.org\/{rel}","templated":true}]}}