{"id":18428,"date":"2023-03-21T15:42:15","date_gmt":"2023-03-21T15:42:15","guid":{"rendered":"https:\/\/laptitesellerie.com\/?post_type=product&#038;p=18428"},"modified":"2024-11-11T11:11:44","modified_gmt":"2024-11-11T11:11:44","slug":"enrenement-en-beta-synthetique-finntack","status":"publish","type":"product","link":"https:\/\/laptitesellerie.com\/?product=enrenement-en-beta-synthetique-finntack","title":{"rendered":"Enr\u00eanement en b\u00e9ta synth\u00e9tique &#8211; Finntack"},"content":{"rendered":"<p>Enr\u00eanement synth\u00e9tique r\u00e9alis\u00e9 100% en mat\u00e9riau Beta avec des fermetures caoutchouc. (11590, 11586).<\/p>\n<p>acile \u00e0 entretenir, ne r\u00e9tr\u00e9cit pas et ne s&#8217;allonge pas au lavage.<\/p>\n","protected":false},"excerpt":{"rendered":"<p><a href=\"http:\/\/laptitesellerie.com\/wp-content\/uploads\/2016\/12\/pouce-1.png\"><img decoding=\"async\" loading=\"lazy\" class=\"alignnone size-full wp-image-428\" src=\"http:\/\/laptitesellerie.com\/wp-content\/uploads\/2016\/12\/pouce-1.png\" alt=\"\" width=\"22\" height=\"22\" \/><\/a><b>\u00a0 Facilit\u00e9 d&#8217;entretien<\/b><br \/>\n<a href=\"http:\/\/laptitesellerie.com\/wp-content\/uploads\/2016\/12\/coeur.png\"><img decoding=\"async\" loading=\"lazy\" class=\"alignnone size-full wp-image-425\" src=\"http:\/\/laptitesellerie.com\/wp-content\/uploads\/2016\/12\/coeur.png\" alt=\"\" width=\"22\" height=\"19\" \/><\/a><strong>\u00a0 Souple<br \/>\n<\/strong><\/p>\n","protected":false},"featured_media":18431,"comment_status":"closed","ping_status":"closed","template":"","meta":{"_themeisle_gutenberg_block_has_review":false},"product_cat":[1060],"product_tag":[],"_links":{"self":[{"href":"https:\/\/laptitesellerie.com\/index.php?rest_route=\/wp\/v3\/product\/18428"}],"collection":[{"href":"https:\/\/laptitesellerie.com\/index.php?rest_route=\/wp\/v3\/product"}],"about":[{"href":"https:\/\/laptitesellerie.com\/index.php?rest_route=\/wp\/v2\/types\/product"}],"replies":[{"embeddable":true,"href":"https:\/\/laptitesellerie.com\/index.php?rest_route=%2Fwp%2Fv2%2Fcomments&post=18428"}],"wp:featuredmedia":[{"embeddable":true,"href":"https:\/\/laptitesellerie.com\/index.php?rest_route=\/wp\/v2\/media\/18431"}],"wp:attachment":[{"href":"https:\/\/laptitesellerie.com\/index.php?rest_route=%2Fwp%2Fv2%2Fmedia&parent=18428"}],"wp:term":[{"taxonomy":"product_cat","embeddable":true,"href":"https:\/\/laptitesellerie.com\/index.php?rest_route=%2Fwp%2Fv2%2Fproduct_cat&post=18428"},{"taxonomy":"product_tag","embeddable":true,"href":"https:\/\/laptitesellerie.com\/index.php?rest_route=%2Fwp%2Fv2%2Fproduct_tag&post=18428"}],"curies":[{"name":"wp","href":"https:\/\/api.w.org\/{rel}","templated":true}]}}