{"id":18480,"date":"2023-03-21T16:23:59","date_gmt":"2023-03-21T16:23:59","guid":{"rendered":"https:\/\/laptitesellerie.com\/?post_type=product&#038;p=18480"},"modified":"2025-07-22T22:15:20","modified_gmt":"2025-07-22T22:15:20","slug":"grillage-finntack","status":"publish","type":"product","link":"https:\/\/laptitesellerie.com\/?product=grillage-finntack","title":{"rendered":"Grillage &#8211; Finntack"},"content":{"rendered":"<p>Bonnet \u00e0 r\u00e9silles, avec matelassure. Permet de prot\u00e9ger les yeux du cheval contre les projections de sable, de boue et contre les mouches.<\/p>\n","protected":false},"excerpt":{"rendered":"<p><a href=\"http:\/\/laptitesellerie.com\/wp-content\/uploads\/2016\/12\/pouce-1.png\"><img decoding=\"async\" loading=\"lazy\" class=\"alignnone size-full wp-image-428\" src=\"http:\/\/laptitesellerie.com\/wp-content\/uploads\/2016\/12\/pouce-1.png\" alt=\"\" width=\"22\" height=\"22\" \/><\/a><b>\u00a0 Facilit\u00e9 mise en place<\/b><br \/>\n<a href=\"http:\/\/laptitesellerie.com\/wp-content\/uploads\/2016\/12\/coeur.png\"><img decoding=\"async\" loading=\"lazy\" class=\"alignnone size-full wp-image-425\" src=\"http:\/\/laptitesellerie.com\/wp-content\/uploads\/2016\/12\/coeur.png\" alt=\"\" width=\"22\" height=\"19\" \/><\/a><b>\u00a0 Pratique<\/b><\/p>\n","protected":false},"featured_media":18481,"comment_status":"closed","ping_status":"closed","template":"","meta":{"_themeisle_gutenberg_block_has_review":false},"product_cat":[1139,1067],"product_tag":[],"_links":{"self":[{"href":"https:\/\/laptitesellerie.com\/index.php?rest_route=\/wp\/v3\/product\/18480"}],"collection":[{"href":"https:\/\/laptitesellerie.com\/index.php?rest_route=\/wp\/v3\/product"}],"about":[{"href":"https:\/\/laptitesellerie.com\/index.php?rest_route=\/wp\/v2\/types\/product"}],"replies":[{"embeddable":true,"href":"https:\/\/laptitesellerie.com\/index.php?rest_route=%2Fwp%2Fv2%2Fcomments&post=18480"}],"wp:featuredmedia":[{"embeddable":true,"href":"https:\/\/laptitesellerie.com\/index.php?rest_route=\/wp\/v2\/media\/18481"}],"wp:attachment":[{"href":"https:\/\/laptitesellerie.com\/index.php?rest_route=%2Fwp%2Fv2%2Fmedia&parent=18480"}],"wp:term":[{"taxonomy":"product_cat","embeddable":true,"href":"https:\/\/laptitesellerie.com\/index.php?rest_route=%2Fwp%2Fv2%2Fproduct_cat&post=18480"},{"taxonomy":"product_tag","embeddable":true,"href":"https:\/\/laptitesellerie.com\/index.php?rest_route=%2Fwp%2Fv2%2Fproduct_tag&post=18480"}],"curies":[{"name":"wp","href":"https:\/\/api.w.org\/{rel}","templated":true}]}}