{"id":18749,"date":"2023-03-22T08:51:01","date_gmt":"2023-03-22T08:51:01","guid":{"rendered":"https:\/\/laptitesellerie.com\/?post_type=product&#038;p=18749"},"modified":"2025-07-22T22:15:21","modified_gmt":"2025-07-22T22:15:21","slug":"couvre-reins-enduran-finntack","status":"publish","type":"product","link":"https:\/\/laptitesellerie.com\/?product=couvre-reins-enduran-finntack","title":{"rendered":"Couvre-reins Enduran- Finntack"},"content":{"rendered":"<p>Couvre-reins, confectionn\u00e9 dans un mat\u00e9riau Endura imperm\u00e9able.<\/p>\n<p>Con\u00e7u pour \u00eatre utilis\u00e9 sous le harnais. Excellent pour maintenir les muscles chauds lors d\u2019un entra\u00eenement. Doublure en tissu polaire. Deux sangles de chaque c\u00f4t\u00e9 assurent un maintien parfait.<\/p>\n<p>(M= chevaux \u00e0 sang chaud ou chevaux utilisant des tailles de couverture d&#8217;environ 135cm. \/ L= grands chevaux \u00e0 sang froid et chevaux utilisant des tailles de couverture d&#8217;environ 145cm.)<\/p>\n","protected":false},"excerpt":{"rendered":"<p><a href=\"http:\/\/laptitesellerie.com\/wp-content\/uploads\/2016\/12\/pouce-1.png\"><img decoding=\"async\" loading=\"lazy\" class=\"alignnone size-full wp-image-428\" src=\"http:\/\/laptitesellerie.com\/wp-content\/uploads\/2016\/12\/pouce-1.png\" alt=\"\" width=\"22\" height=\"22\" \/><\/a><b>\u00a0 Basic<\/b><\/p>\n<p><a href=\"http:\/\/laptitesellerie.com\/wp-content\/uploads\/2016\/12\/coeur.png\"><img decoding=\"async\" loading=\"lazy\" class=\"alignnone size-full wp-image-425\" src=\"http:\/\/laptitesellerie.com\/wp-content\/uploads\/2016\/12\/coeur.png\" alt=\"\" width=\"22\" height=\"19\" \/><\/a><b>\u00a0 Demi-genoux<\/b><\/p>\n","protected":false},"featured_media":18753,"comment_status":"closed","ping_status":"closed","template":"","meta":{"_themeisle_gutenberg_block_has_review":false},"product_cat":[1181],"product_tag":[],"_links":{"self":[{"href":"https:\/\/laptitesellerie.com\/index.php?rest_route=\/wp\/v3\/product\/18749"}],"collection":[{"href":"https:\/\/laptitesellerie.com\/index.php?rest_route=\/wp\/v3\/product"}],"about":[{"href":"https:\/\/laptitesellerie.com\/index.php?rest_route=\/wp\/v2\/types\/product"}],"replies":[{"embeddable":true,"href":"https:\/\/laptitesellerie.com\/index.php?rest_route=%2Fwp%2Fv2%2Fcomments&post=18749"}],"wp:featuredmedia":[{"embeddable":true,"href":"https:\/\/laptitesellerie.com\/index.php?rest_route=\/wp\/v2\/media\/18753"}],"wp:attachment":[{"href":"https:\/\/laptitesellerie.com\/index.php?rest_route=%2Fwp%2Fv2%2Fmedia&parent=18749"}],"wp:term":[{"taxonomy":"product_cat","embeddable":true,"href":"https:\/\/laptitesellerie.com\/index.php?rest_route=%2Fwp%2Fv2%2Fproduct_cat&post=18749"},{"taxonomy":"product_tag","embeddable":true,"href":"https:\/\/laptitesellerie.com\/index.php?rest_route=%2Fwp%2Fv2%2Fproduct_tag&post=18749"}],"curies":[{"name":"wp","href":"https:\/\/api.w.org\/{rel}","templated":true}]}}