{"id":18756,"date":"2023-03-22T08:59:43","date_gmt":"2023-03-22T08:59:43","guid":{"rendered":"https:\/\/laptitesellerie.com\/?post_type=product&#038;p=18756"},"modified":"2025-01-11T13:17:40","modified_gmt":"2025-01-11T13:17:40","slug":"casque-de-trot-finntack","status":"publish","type":"product","link":"https:\/\/laptitesellerie.com\/?product=casque-de-trot-finntack","title":{"rendered":"Casque de trot- Finntack"},"content":{"rendered":"<p>Casque de trot avec visi\u00e8re en cuir et protections au niveau des oreilles. Se fixe sous le menton \u00e0 l&#8217;aide d&#8217;un syst\u00e8me d&#8217;attache rapide. Conforme aux normes de s\u00e9curit\u00e9. Le casque est labellis\u00e9 C.E. R\u00e9pond aux exigences de la norme CE VG1. XXL &#8211; 64, XL \u2013 62, L \u2013 60, M \u2013 58, S \u2013 56.<\/p>\n<h3>Description technique:<\/h3>\n<p>Norme CE VG1 01.040 2014-12.<\/p>\n","protected":false},"excerpt":{"rendered":"<p><a href=\"http:\/\/laptitesellerie.com\/wp-content\/uploads\/2016\/12\/pouce-1.png\"><img decoding=\"async\" loading=\"lazy\" class=\"alignnone size-full wp-image-428\" src=\"http:\/\/laptitesellerie.com\/wp-content\/uploads\/2016\/12\/pouce-1.png\" alt=\"\" width=\"22\" height=\"22\" \/><\/a><b>\u00a0 Basic<\/b><\/p>\n<p><a href=\"http:\/\/laptitesellerie.com\/wp-content\/uploads\/2016\/12\/coeur.png\"><img decoding=\"async\" loading=\"lazy\" class=\"alignnone size-full wp-image-425\" src=\"http:\/\/laptitesellerie.com\/wp-content\/uploads\/2016\/12\/coeur.png\" alt=\"\" width=\"22\" height=\"19\" \/><\/a><b>\u00a0 Fixation lunettes<\/b><\/p>\n","protected":false},"featured_media":18765,"comment_status":"closed","ping_status":"closed","template":"","meta":{"_themeisle_gutenberg_block_has_review":false},"product_cat":[1174],"product_tag":[],"_links":{"self":[{"href":"https:\/\/laptitesellerie.com\/index.php?rest_route=\/wp\/v3\/product\/18756"}],"collection":[{"href":"https:\/\/laptitesellerie.com\/index.php?rest_route=\/wp\/v3\/product"}],"about":[{"href":"https:\/\/laptitesellerie.com\/index.php?rest_route=\/wp\/v2\/types\/product"}],"replies":[{"embeddable":true,"href":"https:\/\/laptitesellerie.com\/index.php?rest_route=%2Fwp%2Fv2%2Fcomments&post=18756"}],"wp:featuredmedia":[{"embeddable":true,"href":"https:\/\/laptitesellerie.com\/index.php?rest_route=\/wp\/v2\/media\/18765"}],"wp:attachment":[{"href":"https:\/\/laptitesellerie.com\/index.php?rest_route=%2Fwp%2Fv2%2Fmedia&parent=18756"}],"wp:term":[{"taxonomy":"product_cat","embeddable":true,"href":"https:\/\/laptitesellerie.com\/index.php?rest_route=%2Fwp%2Fv2%2Fproduct_cat&post=18756"},{"taxonomy":"product_tag","embeddable":true,"href":"https:\/\/laptitesellerie.com\/index.php?rest_route=%2Fwp%2Fv2%2Fproduct_tag&post=18756"}],"curies":[{"name":"wp","href":"https:\/\/api.w.org\/{rel}","templated":true}]}}