{"id":18801,"date":"2023-03-22T09:30:15","date_gmt":"2023-03-22T09:30:15","guid":{"rendered":"https:\/\/laptitesellerie.com\/?post_type=product&#038;p=18801"},"modified":"2025-01-05T18:49:54","modified_gmt":"2025-01-05T18:49:54","slug":"chauffe-oreilles-et-cou-finntack","status":"publish","type":"product","link":"https:\/\/laptitesellerie.com\/?product=chauffe-oreilles-et-cou-finntack","title":{"rendered":"Chauffe-oreilles et cou &#8211; Finntack"},"content":{"rendered":"<p>Cache-cou et cache-oreilles , Matelassage \u00e9pais au niveau des oreilles, ext\u00e9rieur fabriqu\u00e9 dans un mat\u00e9riau imperm\u00e9able et coupe-vent. Fermeture velcro pour fixation sur le casque. Logo Finn-Tack brod\u00e9 derri\u00e8re.<\/p>\n","protected":false},"excerpt":{"rendered":"<p><a href=\"http:\/\/laptitesellerie.com\/wp-content\/uploads\/2016\/12\/pouce-1.png\"><img decoding=\"async\" loading=\"lazy\" class=\"alignnone size-full wp-image-428\" src=\"http:\/\/laptitesellerie.com\/wp-content\/uploads\/2016\/12\/pouce-1.png\" alt=\"\" width=\"22\" height=\"22\" \/><\/a><b>\u00a0 Pratique<\/b><\/p>\n<p><a href=\"http:\/\/laptitesellerie.com\/wp-content\/uploads\/2016\/12\/coeur.png\"><img decoding=\"async\" loading=\"lazy\" class=\"alignnone size-full wp-image-425\" src=\"http:\/\/laptitesellerie.com\/wp-content\/uploads\/2016\/12\/coeur.png\" alt=\"\" width=\"22\" height=\"19\" \/><\/a><b>\u00a0 Indispensable<\/b><\/p>\n","protected":false},"featured_media":18809,"comment_status":"closed","ping_status":"closed","template":"","meta":{"_themeisle_gutenberg_block_has_review":false},"product_cat":[1174,1169],"product_tag":[],"_links":{"self":[{"href":"https:\/\/laptitesellerie.com\/index.php?rest_route=\/wp\/v3\/product\/18801"}],"collection":[{"href":"https:\/\/laptitesellerie.com\/index.php?rest_route=\/wp\/v3\/product"}],"about":[{"href":"https:\/\/laptitesellerie.com\/index.php?rest_route=\/wp\/v2\/types\/product"}],"replies":[{"embeddable":true,"href":"https:\/\/laptitesellerie.com\/index.php?rest_route=%2Fwp%2Fv2%2Fcomments&post=18801"}],"wp:featuredmedia":[{"embeddable":true,"href":"https:\/\/laptitesellerie.com\/index.php?rest_route=\/wp\/v2\/media\/18809"}],"wp:attachment":[{"href":"https:\/\/laptitesellerie.com\/index.php?rest_route=%2Fwp%2Fv2%2Fmedia&parent=18801"}],"wp:term":[{"taxonomy":"product_cat","embeddable":true,"href":"https:\/\/laptitesellerie.com\/index.php?rest_route=%2Fwp%2Fv2%2Fproduct_cat&post=18801"},{"taxonomy":"product_tag","embeddable":true,"href":"https:\/\/laptitesellerie.com\/index.php?rest_route=%2Fwp%2Fv2%2Fproduct_tag&post=18801"}],"curies":[{"name":"wp","href":"https:\/\/api.w.org\/{rel}","templated":true}]}}