{"id":18822,"date":"2023-03-22T09:47:05","date_gmt":"2023-03-22T09:47:05","guid":{"rendered":"https:\/\/laptitesellerie.com\/?post_type=product&#038;p=18822"},"modified":"2024-11-29T06:43:19","modified_gmt":"2024-11-29T06:43:19","slug":"polo-technique-a-manches-longues-finntack","status":"publish","type":"product","link":"https:\/\/laptitesellerie.com\/?product=polo-technique-a-manches-longues-finntack","title":{"rendered":"Polo technique \u00e0 manches longues &#8211; Finntack"},"content":{"rendered":"<p>Un pull fonctionnel et de top qualit\u00e9. La mati\u00e8re polaire extensible, respirante et s\u00e9chante d&#8217;excellente qualit\u00e9 alloue une incroyable libert\u00e9 de mouvement et procurera la chaleur confortable et sans exc\u00e8s souhait\u00e9e par temps froid pour un v\u00eatement officiant en tant que couche.<\/p>\n<h3>Caract\u00e9ristiques:<\/h3>\n<ul>\n<li>Manches raglan<\/li>\n<li>Taille M, longueur des manches : 81 cm Extensible<\/li>\n<li>Peign\u00e9 sur une face pour plus de confort<\/li>\n<li>Propri\u00e9t\u00e9 s\u00e9chantes car \u00e9vacue l&#8217;humidit\u00e9 vers l&#8217;ext\u00e9rieur<\/li>\n<\/ul>\n<h3>Description technique:<\/h3>\n<p>Compositition : 95 % polyester, 5 % \u00e9lasthanne. Instructions de lavage : laver \u00e0 40\u00b0C.<\/p>\n","protected":false},"excerpt":{"rendered":"<p><a href=\"http:\/\/laptitesellerie.com\/wp-content\/uploads\/2016\/12\/pouce-1.png\"><img decoding=\"async\" loading=\"lazy\" class=\"alignnone size-full wp-image-428\" src=\"http:\/\/laptitesellerie.com\/wp-content\/uploads\/2016\/12\/pouce-1.png\" alt=\"\" width=\"22\" height=\"22\" \/><\/a><b>\u00a0 Col<\/b><\/p>\n<p><a href=\"http:\/\/laptitesellerie.com\/wp-content\/uploads\/2016\/12\/coeur.png\"><img decoding=\"async\" loading=\"lazy\" class=\"alignnone size-full wp-image-425\" src=\"http:\/\/laptitesellerie.com\/wp-content\/uploads\/2016\/12\/coeur.png\" alt=\"\" width=\"22\" height=\"19\" \/><\/a><b>\u00a0 Polaire douce \u00e0 l&#8217;int\u00e9rieur<\/b><\/p>\n","protected":false},"featured_media":18825,"comment_status":"closed","ping_status":"closed","template":"","meta":{"_themeisle_gutenberg_block_has_review":false},"product_cat":[878,883,835,840,1168],"product_tag":[],"_links":{"self":[{"href":"https:\/\/laptitesellerie.com\/index.php?rest_route=\/wp\/v3\/product\/18822"}],"collection":[{"href":"https:\/\/laptitesellerie.com\/index.php?rest_route=\/wp\/v3\/product"}],"about":[{"href":"https:\/\/laptitesellerie.com\/index.php?rest_route=\/wp\/v2\/types\/product"}],"replies":[{"embeddable":true,"href":"https:\/\/laptitesellerie.com\/index.php?rest_route=%2Fwp%2Fv2%2Fcomments&post=18822"}],"wp:featuredmedia":[{"embeddable":true,"href":"https:\/\/laptitesellerie.com\/index.php?rest_route=\/wp\/v2\/media\/18825"}],"wp:attachment":[{"href":"https:\/\/laptitesellerie.com\/index.php?rest_route=%2Fwp%2Fv2%2Fmedia&parent=18822"}],"wp:term":[{"taxonomy":"product_cat","embeddable":true,"href":"https:\/\/laptitesellerie.com\/index.php?rest_route=%2Fwp%2Fv2%2Fproduct_cat&post=18822"},{"taxonomy":"product_tag","embeddable":true,"href":"https:\/\/laptitesellerie.com\/index.php?rest_route=%2Fwp%2Fv2%2Fproduct_tag&post=18822"}],"curies":[{"name":"wp","href":"https:\/\/api.w.org\/{rel}","templated":true}]}}