{"id":18843,"date":"2023-03-22T09:58:12","date_gmt":"2023-03-22T09:58:12","guid":{"rendered":"https:\/\/laptitesellerie.com\/?post_type=product&#038;p=18843"},"modified":"2024-11-29T06:44:50","modified_gmt":"2024-11-29T06:44:50","slug":"pantalon-de-pluie-finntack","status":"publish","type":"product","link":"https:\/\/laptitesellerie.com\/?product=pantalon-de-pluie-finntack","title":{"rendered":"Pantalon de pluie- Finntack"},"content":{"rendered":"<p>Des pantalons de protection contre la pluie de grande qualit\u00e9 r\u00e9alis\u00e9s dans un mati\u00e8re PU imperm\u00e9able. La taille est \u00e9lastiqu\u00e9e, elle est dot\u00e9e d&#8217;un cordon de serrage avec molette de r\u00e9glage, d\u00e9tails importants pour que la pluie reste \u00e0 l&#8217;ext\u00e9rieur. Le pantalon est dot\u00e9 de courroies de pied amovibles et d&#8217;une fermeture \u00e0 glissi\u00e8re avec velcro, ce qui facilite l&#8217;enfilage et l&#8217;enl\u00e8vement autant de fois que n\u00e9cessaire.<\/p>\n<h3>Caract\u00e9ristiques:<\/h3>\n<ul>\n<li>Courroies de pied amovibles<\/li>\n<li>Fermeture \u00e0 glissi\u00e8re en bas des jambes et fermeture velcro<\/li>\n<li>Taille r\u00e9glable<\/li>\n<\/ul>\n<h3>Description technique:<\/h3>\n<p>Mati\u00e8re : 100 % polyur\u00e9thane.<\/p>\n<h3>Instructions de lavage:<\/h3>\n<p>Se lave \u00e0 40 degr\u00e9s.<\/p>\n","protected":false},"excerpt":{"rendered":"<p><a href=\"http:\/\/laptitesellerie.com\/wp-content\/uploads\/2016\/12\/pouce-1.png\"><img decoding=\"async\" loading=\"lazy\" class=\"alignnone size-full wp-image-428\" src=\"http:\/\/laptitesellerie.com\/wp-content\/uploads\/2016\/12\/pouce-1.png\" alt=\"\" width=\"22\" height=\"22\" \/><\/a><b>\u00a0 Peut s&#8217;utiliser par dessus son pantalon<\/b><\/p>\n<p><a href=\"http:\/\/laptitesellerie.com\/wp-content\/uploads\/2016\/12\/coeur.png\"><img decoding=\"async\" loading=\"lazy\" class=\"alignnone size-full wp-image-425\" src=\"http:\/\/laptitesellerie.com\/wp-content\/uploads\/2016\/12\/coeur.png\" alt=\"\" width=\"22\" height=\"19\" \/><\/a><b>\u00a0 Imperm\u00e9able<\/b><\/p>\n","protected":false},"featured_media":18853,"comment_status":"closed","ping_status":"closed","template":"","meta":{"_themeisle_gutenberg_block_has_review":false},"product_cat":[831,1168],"product_tag":[],"_links":{"self":[{"href":"https:\/\/laptitesellerie.com\/index.php?rest_route=\/wp\/v3\/product\/18843"}],"collection":[{"href":"https:\/\/laptitesellerie.com\/index.php?rest_route=\/wp\/v3\/product"}],"about":[{"href":"https:\/\/laptitesellerie.com\/index.php?rest_route=\/wp\/v2\/types\/product"}],"replies":[{"embeddable":true,"href":"https:\/\/laptitesellerie.com\/index.php?rest_route=%2Fwp%2Fv2%2Fcomments&post=18843"}],"wp:featuredmedia":[{"embeddable":true,"href":"https:\/\/laptitesellerie.com\/index.php?rest_route=\/wp\/v2\/media\/18853"}],"wp:attachment":[{"href":"https:\/\/laptitesellerie.com\/index.php?rest_route=%2Fwp%2Fv2%2Fmedia&parent=18843"}],"wp:term":[{"taxonomy":"product_cat","embeddable":true,"href":"https:\/\/laptitesellerie.com\/index.php?rest_route=%2Fwp%2Fv2%2Fproduct_cat&post=18843"},{"taxonomy":"product_tag","embeddable":true,"href":"https:\/\/laptitesellerie.com\/index.php?rest_route=%2Fwp%2Fv2%2Fproduct_tag&post=18843"}],"curies":[{"name":"wp","href":"https:\/\/api.w.org\/{rel}","templated":true}]}}