{"id":19285,"date":"2023-04-13T09:36:57","date_gmt":"2023-04-13T09:36:57","guid":{"rendered":"https:\/\/laptitesellerie.com\/?post_type=product&#038;p=19285"},"modified":"2024-11-29T06:44:07","modified_gmt":"2024-11-29T06:44:07","slug":"pantalon-push-up-bella-equitheme","status":"publish","type":"product","link":"https:\/\/laptitesellerie.com\/?product=pantalon-push-up-bella-equitheme","title":{"rendered":"Pantalon Push up Bella &#8211; Equith\u00e8me"},"content":{"rendered":"<p>La coupe <strong>Push-Up<\/strong> de ce pantalon sculpte vos courbes pour mettre en \u00e9vidence votre silhouette.<br \/>\nRespirant, l\u00e9ger et compl\u00e9tement stretch, il est adaptable \u00e0 toutes vos sorties au quotidien.<br \/>\nPoches main avant d\u00e9cor\u00e9es d&#8217;un <strong>galon brillant<\/strong> et poches dos.<br \/>\nBasanes silicone.<br \/>\nBas de jambe en \u00e9lasthanne.<br \/>\nComposition : 89 % polyamide, 11 % \u00e9lasthanne.<br \/>\nLavable en machine \u00e0 30\u00b0C.<\/p>\n","protected":false},"excerpt":{"rendered":"<p><strong><a href=\"http:\/\/laptitesellerie.com\/wp-content\/uploads\/2016\/12\/coeur.png\"><img decoding=\"async\" loading=\"lazy\" class=\"alignnone size-full wp-image-425\" src=\"http:\/\/laptitesellerie.com\/wp-content\/uploads\/2016\/12\/coeur.png\" alt=\"\" width=\"22\" height=\"19\" \/><\/a>\u00a0 Galon scintillant<br \/>\n<\/strong><\/p>\n<p><strong> <a href=\"http:\/\/laptitesellerie.com\/wp-content\/uploads\/2016\/12\/pouce-1.png\"><img decoding=\"async\" loading=\"lazy\" class=\"alignnone size-full wp-image-428\" src=\"http:\/\/laptitesellerie.com\/wp-content\/uploads\/2016\/12\/pouce-1.png\" alt=\"\" width=\"22\" height=\"22\" \/><\/a>\u00a0 Push up<br \/>\n<\/strong><\/p>\n","protected":false},"featured_media":19315,"comment_status":"closed","ping_status":"closed","template":"","meta":{"_themeisle_gutenberg_block_has_review":false},"product_cat":[885,836],"product_tag":[],"_links":{"self":[{"href":"https:\/\/laptitesellerie.com\/index.php?rest_route=\/wp\/v3\/product\/19285"}],"collection":[{"href":"https:\/\/laptitesellerie.com\/index.php?rest_route=\/wp\/v3\/product"}],"about":[{"href":"https:\/\/laptitesellerie.com\/index.php?rest_route=\/wp\/v2\/types\/product"}],"replies":[{"embeddable":true,"href":"https:\/\/laptitesellerie.com\/index.php?rest_route=%2Fwp%2Fv2%2Fcomments&post=19285"}],"wp:featuredmedia":[{"embeddable":true,"href":"https:\/\/laptitesellerie.com\/index.php?rest_route=\/wp\/v2\/media\/19315"}],"wp:attachment":[{"href":"https:\/\/laptitesellerie.com\/index.php?rest_route=%2Fwp%2Fv2%2Fmedia&parent=19285"}],"wp:term":[{"taxonomy":"product_cat","embeddable":true,"href":"https:\/\/laptitesellerie.com\/index.php?rest_route=%2Fwp%2Fv2%2Fproduct_cat&post=19285"},{"taxonomy":"product_tag","embeddable":true,"href":"https:\/\/laptitesellerie.com\/index.php?rest_route=%2Fwp%2Fv2%2Fproduct_tag&post=19285"}],"curies":[{"name":"wp","href":"https:\/\/api.w.org\/{rel}","templated":true}]}}