{"id":19822,"date":"2023-05-05T06:29:16","date_gmt":"2023-05-05T06:29:16","guid":{"rendered":"https:\/\/laptitesellerie.com\/?post_type=product&#038;p=19822"},"modified":"2024-11-29T06:44:21","modified_gmt":"2024-11-29T06:44:21","slug":"sweat-step-by-step-lps","status":"publish","type":"product","link":"https:\/\/laptitesellerie.com\/?product=sweat-step-by-step-lps","title":{"rendered":"Sweat Step by Step &#8211; LPS"},"content":{"rendered":"<p>Sweat Step by Step, Broderie effet dentelle, Epaule \u00e9tendue, broderie signature step by step sur l&#8217;avant bras.<\/p>\n<p>Poignets, emmanchures et encolure c\u00f4tel\u00e9s. Se resserre \u00e0 la taille avec cordon dentelle. Coupe oversize. Ecusson en cuir marqu\u00e9 LPS<\/p>\n<p>Composition : 65% coton \/ 35% polyester Grammage : 250g\/m\u00b2<\/p>\n","protected":false},"excerpt":{"rendered":"<p><a href=\"http:\/\/laptitesellerie.com\/wp-content\/uploads\/2016\/12\/pouce-1.png\"><img decoding=\"async\" loading=\"lazy\" class=\"alignnone size-full wp-image-428\" src=\"http:\/\/laptitesellerie.com\/wp-content\/uploads\/2016\/12\/pouce-1.png\" alt=\"\" width=\"22\" height=\"22\" \/><\/a><strong>\u00a0 Broderie effet Dentelle<\/strong><\/p>\n<p><img decoding=\"async\" loading=\"lazy\" class=\"alignnone size-full wp-image-425\" src=\"http:\/\/laptitesellerie.com\/wp-content\/uploads\/2016\/12\/coeur.png\" alt=\"\" width=\"22\" height=\"19\" \/>\u00a0 \u00a0<strong>Cordon dentelle<\/strong><\/p>\n<p>&nbsp;<\/p>\n<p>&nbsp;<\/p>\n","protected":false},"featured_media":19803,"comment_status":"closed","ping_status":"closed","template":"","meta":{"_themeisle_gutenberg_block_has_review":false},"product_cat":[833,1198,834],"product_tag":[],"_links":{"self":[{"href":"https:\/\/laptitesellerie.com\/index.php?rest_route=\/wp\/v3\/product\/19822"}],"collection":[{"href":"https:\/\/laptitesellerie.com\/index.php?rest_route=\/wp\/v3\/product"}],"about":[{"href":"https:\/\/laptitesellerie.com\/index.php?rest_route=\/wp\/v2\/types\/product"}],"replies":[{"embeddable":true,"href":"https:\/\/laptitesellerie.com\/index.php?rest_route=%2Fwp%2Fv2%2Fcomments&post=19822"}],"wp:featuredmedia":[{"embeddable":true,"href":"https:\/\/laptitesellerie.com\/index.php?rest_route=\/wp\/v2\/media\/19803"}],"wp:attachment":[{"href":"https:\/\/laptitesellerie.com\/index.php?rest_route=%2Fwp%2Fv2%2Fmedia&parent=19822"}],"wp:term":[{"taxonomy":"product_cat","embeddable":true,"href":"https:\/\/laptitesellerie.com\/index.php?rest_route=%2Fwp%2Fv2%2Fproduct_cat&post=19822"},{"taxonomy":"product_tag","embeddable":true,"href":"https:\/\/laptitesellerie.com\/index.php?rest_route=%2Fwp%2Fv2%2Fproduct_tag&post=19822"}],"curies":[{"name":"wp","href":"https:\/\/api.w.org\/{rel}","templated":true}]}}