{"id":20543,"date":"2023-06-10T15:48:00","date_gmt":"2023-06-10T15:48:00","guid":{"rendered":"https:\/\/laptitesellerie.com\/?post_type=product&#038;p=20543"},"modified":"2025-05-15T12:54:21","modified_gmt":"2025-05-15T12:54:21","slug":"enrenement-automatique-ss-zilco-10mm","status":"publish","type":"product","link":"https:\/\/laptitesellerie.com\/?product=enrenement-automatique-ss-zilco-10mm","title":{"rendered":"ENR\u00caNEMENT AUTOMATIQUE SS Zilco 10mm"},"content":{"rendered":"<p>Certains chevaux ont besoin d&#8217;adopter une position de la t\u00eate plus relev\u00e9e au moment du d\u00e9part de course, mais gagnent en performance avec une position de t\u00eate plus basse au fur et \u00e0 mesure que la course progresse. Le recours \u00e0 un enr\u00eanement automatique est parfais dans ce cas, car il permet au driver d&#8217;ajuster l&#8217;enr\u00eanement pendant la course. La poulie en acier inoxydable est viss\u00e9e \u00e0 la sellette (\u00e0 l&#8217;emplacement du crochet McKinney) et la partie avant de l&#8217;enr\u00eanement est fix\u00e9e \u00e0 l&#8217;anneau, en bout de la cha\u00eene<\/p>\n<p>Cet enr\u00eanement est compatible avec tous les harnais de la marque Finntack.<\/p>\n<p>Vendu sans sangles<\/p>\n<p>&nbsp;<\/p>\n","protected":false},"excerpt":{"rendered":"<p><a href=\"http:\/\/laptitesellerie.com\/wp-content\/uploads\/2016\/12\/pouce-1.png\"><img decoding=\"async\" loading=\"lazy\" class=\"alignnone size-full wp-image-428\" src=\"http:\/\/laptitesellerie.com\/wp-content\/uploads\/2016\/12\/pouce-1.png\" alt=\"\" width=\"22\" height=\"22\" \/><\/a><b> Facilit\u00e9 d&#8217;installation<br \/>\n<\/b><a href=\"http:\/\/laptitesellerie.com\/wp-content\/uploads\/2016\/12\/coeur.png\"><img decoding=\"async\" loading=\"lazy\" class=\"alignnone size-full wp-image-425\" src=\"http:\/\/laptitesellerie.com\/wp-content\/uploads\/2016\/12\/coeur.png\" alt=\"\" width=\"22\" height=\"19\" \/><\/a><strong> Automatique<br \/>\n<\/strong><\/p>\n","protected":false},"featured_media":21136,"comment_status":"closed","ping_status":"closed","template":"","meta":{"_themeisle_gutenberg_block_has_review":false},"product_cat":[1070,1069],"product_tag":[],"_links":{"self":[{"href":"https:\/\/laptitesellerie.com\/index.php?rest_route=\/wp\/v3\/product\/20543"}],"collection":[{"href":"https:\/\/laptitesellerie.com\/index.php?rest_route=\/wp\/v3\/product"}],"about":[{"href":"https:\/\/laptitesellerie.com\/index.php?rest_route=\/wp\/v2\/types\/product"}],"replies":[{"embeddable":true,"href":"https:\/\/laptitesellerie.com\/index.php?rest_route=%2Fwp%2Fv2%2Fcomments&post=20543"}],"wp:featuredmedia":[{"embeddable":true,"href":"https:\/\/laptitesellerie.com\/index.php?rest_route=\/wp\/v2\/media\/21136"}],"wp:attachment":[{"href":"https:\/\/laptitesellerie.com\/index.php?rest_route=%2Fwp%2Fv2%2Fmedia&parent=20543"}],"wp:term":[{"taxonomy":"product_cat","embeddable":true,"href":"https:\/\/laptitesellerie.com\/index.php?rest_route=%2Fwp%2Fv2%2Fproduct_cat&post=20543"},{"taxonomy":"product_tag","embeddable":true,"href":"https:\/\/laptitesellerie.com\/index.php?rest_route=%2Fwp%2Fv2%2Fproduct_tag&post=20543"}],"curies":[{"name":"wp","href":"https:\/\/api.w.org\/{rel}","templated":true}]}}