{"id":20809,"date":"2023-10-22T10:37:19","date_gmt":"2023-10-22T10:37:19","guid":{"rendered":"https:\/\/laptitesellerie.com\/?post_type=product&#038;p=20809"},"modified":"2024-11-11T08:31:44","modified_gmt":"2024-11-11T08:31:44","slug":"gants-dentrainement-racer-evolution","status":"publish","type":"product","link":"https:\/\/laptitesellerie.com\/?product=gants-dentrainement-racer-evolution","title":{"rendered":"GANTS D&#8217;ENTRAINEMENT RACER\u00ae &#8220;EVOLUTION&#8221;"},"content":{"rendered":"<p>Le gant Evolution est dynamique. Il offre une protection optimale et un confort maximal, parfait pour les s\u00e9ances d\u2019entra\u00eenement, qu\u2019elles soient sportives ou plus tranquilles. Les zones en grip de la paume textur\u00e9e apportent une meilleure adh\u00e9rence aux r\u00eanes afin d\u2019\u00e9viter de les perdre, tandis que la manchette et les doigts extensibles offrent un bon soutien. Id\u00e9al pour l\u2019hiver et la mi-saison.<br \/>\n&#8211; Antiglisse gr\u00e2ce \u00e0 5 inserts silicone sur l\u2019index.<br \/>\n&#8211; Doigts tactiles pour rester connect\u00e9.<br \/>\n&#8211; Manchette et doigts extensibles pour un ajustement id\u00e9al.<br \/>\n&#8211; Grip maximal avec une paume textur\u00e9e pour ne plus perdre ses r\u00eanes.<br \/>\n&#8211; Pratique avec une fermeture par velcro pour les enfiler et les retirer rapidement.<br \/>\n&#8211; Empi\u00e8cement strat\u00e9gique en \u00e9ponge sur le pouce pour essuyer la transpiration ou la goutte au nez l\u2019hiver.<br \/>\nComposition : tissu ext\u00e9rieur en mesh, paume en clarino.<\/p>\n","protected":false},"excerpt":{"rendered":"<p>&nbsp;<\/p>\n<p><b><br \/>\n<\/b><a href=\"http:\/\/laptitesellerie.com\/wp-content\/uploads\/2016\/12\/coeur.png\"><img decoding=\"async\" loading=\"lazy\" class=\"alignnone size-full wp-image-425\" src=\"http:\/\/laptitesellerie.com\/wp-content\/uploads\/2016\/12\/coeur.png\" alt=\"\" width=\"22\" height=\"19\" \/><\/a><strong>\u00a0 Confortable<\/strong><\/p>\n","protected":false},"featured_media":20811,"comment_status":"closed","ping_status":"closed","template":"","meta":{"_themeisle_gutenberg_block_has_review":false},"product_cat":[866],"product_tag":[],"_links":{"self":[{"href":"https:\/\/laptitesellerie.com\/index.php?rest_route=\/wp\/v3\/product\/20809"}],"collection":[{"href":"https:\/\/laptitesellerie.com\/index.php?rest_route=\/wp\/v3\/product"}],"about":[{"href":"https:\/\/laptitesellerie.com\/index.php?rest_route=\/wp\/v2\/types\/product"}],"replies":[{"embeddable":true,"href":"https:\/\/laptitesellerie.com\/index.php?rest_route=%2Fwp%2Fv2%2Fcomments&post=20809"}],"wp:featuredmedia":[{"embeddable":true,"href":"https:\/\/laptitesellerie.com\/index.php?rest_route=\/wp\/v2\/media\/20811"}],"wp:attachment":[{"href":"https:\/\/laptitesellerie.com\/index.php?rest_route=%2Fwp%2Fv2%2Fmedia&parent=20809"}],"wp:term":[{"taxonomy":"product_cat","embeddable":true,"href":"https:\/\/laptitesellerie.com\/index.php?rest_route=%2Fwp%2Fv2%2Fproduct_cat&post=20809"},{"taxonomy":"product_tag","embeddable":true,"href":"https:\/\/laptitesellerie.com\/index.php?rest_route=%2Fwp%2Fv2%2Fproduct_tag&post=20809"}],"curies":[{"name":"wp","href":"https:\/\/api.w.org\/{rel}","templated":true}]}}