{"id":21275,"date":"2024-03-16T11:12:28","date_gmt":"2024-03-16T11:12:28","guid":{"rendered":"https:\/\/laptitesellerie.com\/?post_type=product&#038;p=21275"},"modified":"2024-05-13T19:34:51","modified_gmt":"2024-05-13T19:34:51","slug":"pantalon-blanc-tennessee-lps","status":"publish","type":"product","link":"https:\/\/laptitesellerie.com\/?product=pantalon-blanc-tennessee-lps","title":{"rendered":"Pantalon Blanc Tennessee &#8211; LPS"},"content":{"rendered":"<p>Pantalon LPS, Large ceinture avec passants, taille haute, confortable comme un legging, effet seconde peau !<\/p>\n<p>Fausse poche \u00e0 l&#8217;arri\u00e8re, mini poches devant (pour \u00e9viter les doublures apparentes, oui \u00e7a fait moche et on ne sait jamais comment les mettre \ud83d\ude09 )<\/p>\n<p>Gripp au niveau des genoux &#8220;LPS&#8221;, Broderie sur la jambe et poche devant<\/p>\n<p>Composition : <strong>32%<\/strong> Spandex &#8211; 68<strong>%<\/strong> Nylon<\/p>\n","protected":false},"excerpt":{"rendered":"<p><a href=\"http:\/\/laptitesellerie.com\/wp-content\/uploads\/2016\/12\/pouce-1.png\"><img decoding=\"async\" loading=\"lazy\" class=\"alignnone size-full wp-image-428\" src=\"http:\/\/laptitesellerie.com\/wp-content\/uploads\/2016\/12\/pouce-1.png\" alt=\"\" width=\"22\" height=\"22\" \/><\/a><strong>\u00a0 Broderie<\/strong><\/p>\n<p><img decoding=\"async\" loading=\"lazy\" class=\"alignnone size-full wp-image-425\" src=\"http:\/\/laptitesellerie.com\/wp-content\/uploads\/2016\/12\/coeur.png\" alt=\"\" width=\"22\" height=\"19\" \/>\u00a0 \u00a0<strong>Confortable<\/strong><\/p>\n<p>&nbsp;<\/p>\n<p>&nbsp;<\/p>\n","protected":false},"featured_media":21280,"comment_status":"closed","ping_status":"closed","template":"","meta":{"_themeisle_gutenberg_block_has_review":false},"product_cat":[885,1199,836],"product_tag":[],"_links":{"self":[{"href":"https:\/\/laptitesellerie.com\/index.php?rest_route=\/wp\/v3\/product\/21275"}],"collection":[{"href":"https:\/\/laptitesellerie.com\/index.php?rest_route=\/wp\/v3\/product"}],"about":[{"href":"https:\/\/laptitesellerie.com\/index.php?rest_route=\/wp\/v2\/types\/product"}],"replies":[{"embeddable":true,"href":"https:\/\/laptitesellerie.com\/index.php?rest_route=%2Fwp%2Fv2%2Fcomments&post=21275"}],"wp:featuredmedia":[{"embeddable":true,"href":"https:\/\/laptitesellerie.com\/index.php?rest_route=\/wp\/v2\/media\/21280"}],"wp:attachment":[{"href":"https:\/\/laptitesellerie.com\/index.php?rest_route=%2Fwp%2Fv2%2Fmedia&parent=21275"}],"wp:term":[{"taxonomy":"product_cat","embeddable":true,"href":"https:\/\/laptitesellerie.com\/index.php?rest_route=%2Fwp%2Fv2%2Fproduct_cat&post=21275"},{"taxonomy":"product_tag","embeddable":true,"href":"https:\/\/laptitesellerie.com\/index.php?rest_route=%2Fwp%2Fv2%2Fproduct_tag&post=21275"}],"curies":[{"name":"wp","href":"https:\/\/api.w.org\/{rel}","templated":true}]}}