{"id":4142,"date":"2018-07-16T14:58:20","date_gmt":"2018-07-16T14:58:20","guid":{"rendered":"https:\/\/laptitesellerie.com\/?post_type=product&#038;p=4142"},"modified":"2023-11-09T18:47:19","modified_gmt":"2023-11-09T18:47:19","slug":"pantalon-enfant-crazy-line-performance-noir-turquoise","status":"publish","type":"product","link":"https:\/\/laptitesellerie.com\/?product=pantalon-enfant-crazy-line-performance-noir-turquoise","title":{"rendered":"Pantalon Enfant Crazy Line Performance &#8211; Noir &#038; Turquoise"},"content":{"rendered":"<p>Culotte d\u2019\u00e9quitation en coton\/\u00e9lasthane (95% boumwolle coton, 5% d\u2019\u00e9lasthane). Coupe pr\u00e8s du corps avec fond d\u00e9coup\u00e9, poches avant cavali\u00e8re incrust\u00e9es de strass et de broderie. Ceinture \u00e0 passants, bas chaussette. 95% polyester, 5% spandex.<\/p>\n<p><strong>Attention taille tr\u00e8s petit &#8211; prendre une taille en plus de votre taille habituelle<\/strong><\/p>\n<p>&nbsp;<\/p>\n","protected":false},"excerpt":{"rendered":"<p><a href=\"http:\/\/laptitesellerie.com\/wp-content\/uploads\/2016\/12\/coeur.png\"><img decoding=\"async\" loading=\"lazy\" class=\"alignnone size-full wp-image-425\" src=\"http:\/\/laptitesellerie.com\/wp-content\/uploads\/2016\/12\/coeur.png\" alt=\"\" width=\"22\" height=\"19\" \/> <\/a>Confortable<br \/>\n<a href=\"http:\/\/laptitesellerie.com\/wp-content\/uploads\/2016\/12\/pouce-1.png\"><img decoding=\"async\" loading=\"lazy\" class=\"alignnone size-full wp-image-428\" src=\"http:\/\/laptitesellerie.com\/wp-content\/uploads\/2016\/12\/pouce-1.png\" alt=\"\" width=\"22\" height=\"22\" \/><\/a> Bi &#8211; couleur<\/p>\n<p>Attention taille tr\u00e8s petit, il faut prendre une taille au dessus de votre taille habituelle ! \ud83d\ude09<\/p>\n","protected":false},"featured_media":4187,"comment_status":"closed","ping_status":"closed","template":"","meta":{"_themeisle_gutenberg_block_has_review":false},"product_cat":[841],"product_tag":[],"_links":{"self":[{"href":"https:\/\/laptitesellerie.com\/index.php?rest_route=\/wp\/v3\/product\/4142"}],"collection":[{"href":"https:\/\/laptitesellerie.com\/index.php?rest_route=\/wp\/v3\/product"}],"about":[{"href":"https:\/\/laptitesellerie.com\/index.php?rest_route=\/wp\/v2\/types\/product"}],"replies":[{"embeddable":true,"href":"https:\/\/laptitesellerie.com\/index.php?rest_route=%2Fwp%2Fv2%2Fcomments&post=4142"}],"wp:featuredmedia":[{"embeddable":true,"href":"https:\/\/laptitesellerie.com\/index.php?rest_route=\/wp\/v2\/media\/4187"}],"wp:attachment":[{"href":"https:\/\/laptitesellerie.com\/index.php?rest_route=%2Fwp%2Fv2%2Fmedia&parent=4142"}],"wp:term":[{"taxonomy":"product_cat","embeddable":true,"href":"https:\/\/laptitesellerie.com\/index.php?rest_route=%2Fwp%2Fv2%2Fproduct_cat&post=4142"},{"taxonomy":"product_tag","embeddable":true,"href":"https:\/\/laptitesellerie.com\/index.php?rest_route=%2Fwp%2Fv2%2Fproduct_tag&post=4142"}],"curies":[{"name":"wp","href":"https:\/\/api.w.org\/{rel}","templated":true}]}}