{"id":4161,"date":"2018-07-16T15:08:30","date_gmt":"2018-07-16T15:08:30","guid":{"rendered":"https:\/\/laptitesellerie.com\/?post_type=product&#038;p=4161"},"modified":"2023-11-09T18:45:57","modified_gmt":"2023-11-09T18:45:57","slug":"pantalon-enfant-horse-fashion-performance-gris","status":"publish","type":"product","link":"https:\/\/laptitesellerie.com\/?product=pantalon-enfant-horse-fashion-performance-gris","title":{"rendered":"Pantalon Enfant Horse Fashion Performance &#8211; Gris"},"content":{"rendered":"<p>Coupe pr\u00e8s du corps avec fond d\u00e9coup\u00e9. 1 poche \u00e0 glissi\u00e8re \u00e0 l\u2019avant. Ceinture \u00e0 passants. Fermeture bas par velcro.<br \/>\nEn coton tricot\u00e9 92%, \u00e9lasthane Lycra\u00ae 8%<\/p>\n<p>Attention taille tr\u00e8s petit &#8211; prendre une taille en plus de votre taille habituelle<\/p>\n<p>&nbsp;<\/p>\n","protected":false},"excerpt":{"rendered":"<p><a href=\"http:\/\/laptitesellerie.com\/wp-content\/uploads\/2016\/12\/coeur.png\"><img decoding=\"async\" loading=\"lazy\" class=\"alignnone size-full wp-image-425\" src=\"http:\/\/laptitesellerie.com\/wp-content\/uploads\/2016\/12\/coeur.png\" alt=\"\" width=\"22\" height=\"19\" \/> <\/a>Confortable<br \/>\n<a href=\"http:\/\/laptitesellerie.com\/wp-content\/uploads\/2016\/12\/pouce-1.png\"><img decoding=\"async\" loading=\"lazy\" class=\"alignnone size-full wp-image-428\" src=\"http:\/\/laptitesellerie.com\/wp-content\/uploads\/2016\/12\/pouce-1.png\" alt=\"\" width=\"22\" height=\"22\" \/><\/a> Basic<\/p>\n","protected":false},"featured_media":4198,"comment_status":"closed","ping_status":"closed","template":"","meta":{"_themeisle_gutenberg_block_has_review":false},"product_cat":[841],"product_tag":[],"_links":{"self":[{"href":"https:\/\/laptitesellerie.com\/index.php?rest_route=\/wp\/v3\/product\/4161"}],"collection":[{"href":"https:\/\/laptitesellerie.com\/index.php?rest_route=\/wp\/v3\/product"}],"about":[{"href":"https:\/\/laptitesellerie.com\/index.php?rest_route=\/wp\/v2\/types\/product"}],"replies":[{"embeddable":true,"href":"https:\/\/laptitesellerie.com\/index.php?rest_route=%2Fwp%2Fv2%2Fcomments&post=4161"}],"wp:featuredmedia":[{"embeddable":true,"href":"https:\/\/laptitesellerie.com\/index.php?rest_route=\/wp\/v2\/media\/4198"}],"wp:attachment":[{"href":"https:\/\/laptitesellerie.com\/index.php?rest_route=%2Fwp%2Fv2%2Fmedia&parent=4161"}],"wp:term":[{"taxonomy":"product_cat","embeddable":true,"href":"https:\/\/laptitesellerie.com\/index.php?rest_route=%2Fwp%2Fv2%2Fproduct_cat&post=4161"},{"taxonomy":"product_tag","embeddable":true,"href":"https:\/\/laptitesellerie.com\/index.php?rest_route=%2Fwp%2Fv2%2Fproduct_tag&post=4161"}],"curies":[{"name":"wp","href":"https:\/\/api.w.org\/{rel}","templated":true}]}}