{"id":4429,"date":"2018-08-07T12:04:40","date_gmt":"2018-08-07T12:04:40","guid":{"rendered":"https:\/\/laptitesellerie.com\/?post_type=product&#038;p=4429"},"modified":"2024-11-11T11:43:47","modified_gmt":"2024-11-11T11:43:47","slug":"pantalon-pro-fun-line-equitheme","status":"publish","type":"product","link":"https:\/\/laptitesellerie.com\/?product=pantalon-pro-fun-line-equitheme","title":{"rendered":"Pantalon Enfant Pro Fun Line &#8211; Equith\u00e8me"},"content":{"rendered":"<p>Un nouveau look pour ce <span style=\"color: #fa4548;\"><strong>pantalon bicolore<\/strong><\/span> confort, en maille \u00e9lastique, avec surpiq\u00fbres et bas de jambe contrast\u00e9s. <span style=\"color: #fa4548;\"><strong>Bas de jambe en \u00e9lasthanne<\/strong><\/span> qui facilite l&#8217;enfilage et garantit un positionnement fixe sans aucune g\u00eane. Coupe droite pr\u00e8s du corps avec fond d\u00e9coup\u00e9 et basanes tissu, poches cavali\u00e8res avant. Ceinture \u00e0 passants, fermeture \u00e0 crochet.<\/p>\n<p>Composition : 95 % coton, 5 % \u00e9lasthanne Lycra\u00ae. Lavable en machine \u00e0 30\u00b0C.<\/p>\n<p>&nbsp;<\/p>\n<p>&nbsp;<\/p>\n","protected":false},"excerpt":{"rendered":"<p><strong><a href=\"http:\/\/laptitesellerie.com\/wp-content\/uploads\/2016\/12\/coeur.png\"><img decoding=\"async\" loading=\"lazy\" class=\"alignnone size-full wp-image-425\" src=\"http:\/\/laptitesellerie.com\/wp-content\/uploads\/2016\/12\/coeur.png\" alt=\"\" width=\"22\" height=\"19\" \/>\u00a0<\/a>Surpiqures color\u00e9s<\/strong><br \/>\n<strong><a href=\"http:\/\/laptitesellerie.com\/wp-content\/uploads\/2016\/12\/pouce-1.png\"><img decoding=\"async\" loading=\"lazy\" class=\"alignnone size-full wp-image-428\" src=\"http:\/\/laptitesellerie.com\/wp-content\/uploads\/2016\/12\/pouce-1.png\" alt=\"\" width=\"22\" height=\"22\" \/><\/a> Economique<\/strong><\/p>\n","protected":false},"featured_media":4363,"comment_status":"closed","ping_status":"closed","template":"","meta":{"_themeisle_gutenberg_block_has_review":false},"product_cat":[841],"product_tag":[],"_links":{"self":[{"href":"https:\/\/laptitesellerie.com\/index.php?rest_route=\/wp\/v3\/product\/4429"}],"collection":[{"href":"https:\/\/laptitesellerie.com\/index.php?rest_route=\/wp\/v3\/product"}],"about":[{"href":"https:\/\/laptitesellerie.com\/index.php?rest_route=\/wp\/v2\/types\/product"}],"replies":[{"embeddable":true,"href":"https:\/\/laptitesellerie.com\/index.php?rest_route=%2Fwp%2Fv2%2Fcomments&post=4429"}],"wp:featuredmedia":[{"embeddable":true,"href":"https:\/\/laptitesellerie.com\/index.php?rest_route=\/wp\/v2\/media\/4363"}],"wp:attachment":[{"href":"https:\/\/laptitesellerie.com\/index.php?rest_route=%2Fwp%2Fv2%2Fmedia&parent=4429"}],"wp:term":[{"taxonomy":"product_cat","embeddable":true,"href":"https:\/\/laptitesellerie.com\/index.php?rest_route=%2Fwp%2Fv2%2Fproduct_cat&post=4429"},{"taxonomy":"product_tag","embeddable":true,"href":"https:\/\/laptitesellerie.com\/index.php?rest_route=%2Fwp%2Fv2%2Fproduct_tag&post=4429"}],"curies":[{"name":"wp","href":"https:\/\/api.w.org\/{rel}","templated":true}]}}