{"id":6660,"date":"2018-11-14T13:09:55","date_gmt":"2018-11-14T13:09:55","guid":{"rendered":"https:\/\/laptitesellerie.com\/?post_type=product&#038;p=6660"},"modified":"2023-10-22T10:04:34","modified_gmt":"2023-10-22T10:04:34","slug":"chaussettes-lot-de-2-penelope-leprevost","status":"publish","type":"product","link":"https:\/\/laptitesellerie.com\/?product=chaussettes-lot-de-2-penelope-leprevost","title":{"rendered":"Chaussettes lot de 2- P\u00e9n\u00e9lope Lepr\u00e9vost"},"content":{"rendered":"<p>Chaussettes de concours avec partie haute en polyamide\/\u00e9lasthanne Lycra\u00ae type mi-bas \u00e9lastiqu\u00e9.<\/p>\n<p>Pied en coton gris chin\u00e9. Logo PL sur la partie haute. Lavable en machine \u00e0 30\u00b0C.<\/p>\n<p>Le lot de 2<\/p>\n","protected":false},"excerpt":{"rendered":"<p><img decoding=\"async\" loading=\"lazy\" class=\"alignnone size-full wp-image-428\" src=\"http:\/\/laptitesellerie.com\/wp-content\/uploads\/2016\/12\/pouce-1.png\" alt=\"\" width=\"22\" height=\"22\" \/>\u00a0<strong>Lot de 2<br \/>\n<\/strong><\/p>\n<p><a href=\"http:\/\/laptitesellerie.com\/wp-content\/uploads\/2016\/12\/coeur.png\"><img decoding=\"async\" loading=\"lazy\" class=\"alignnone size-full wp-image-425\" src=\"http:\/\/laptitesellerie.com\/wp-content\/uploads\/2016\/12\/coeur.png\" alt=\"\" width=\"22\" height=\"19\" \/><\/a><strong>\u00a0Extensible<\/strong><\/p>\n","protected":false},"featured_media":6686,"comment_status":"closed","ping_status":"closed","template":"","meta":{"_themeisle_gutenberg_block_has_review":false},"product_cat":[826],"product_tag":[],"_links":{"self":[{"href":"https:\/\/laptitesellerie.com\/index.php?rest_route=\/wp\/v3\/product\/6660"}],"collection":[{"href":"https:\/\/laptitesellerie.com\/index.php?rest_route=\/wp\/v3\/product"}],"about":[{"href":"https:\/\/laptitesellerie.com\/index.php?rest_route=\/wp\/v2\/types\/product"}],"replies":[{"embeddable":true,"href":"https:\/\/laptitesellerie.com\/index.php?rest_route=%2Fwp%2Fv2%2Fcomments&post=6660"}],"wp:featuredmedia":[{"embeddable":true,"href":"https:\/\/laptitesellerie.com\/index.php?rest_route=\/wp\/v2\/media\/6686"}],"wp:attachment":[{"href":"https:\/\/laptitesellerie.com\/index.php?rest_route=%2Fwp%2Fv2%2Fmedia&parent=6660"}],"wp:term":[{"taxonomy":"product_cat","embeddable":true,"href":"https:\/\/laptitesellerie.com\/index.php?rest_route=%2Fwp%2Fv2%2Fproduct_cat&post=6660"},{"taxonomy":"product_tag","embeddable":true,"href":"https:\/\/laptitesellerie.com\/index.php?rest_route=%2Fwp%2Fv2%2Fproduct_tag&post=6660"}],"curies":[{"name":"wp","href":"https:\/\/api.w.org\/{rel}","templated":true}]}}